{"id":6540,"date":"2022-07-12T21:05:25","date_gmt":"2022-07-12T19:05:25","guid":{"rendered":"https:\/\/don-chamaeleon.de\/?page_id=6540"},"modified":"2022-07-12T21:16:47","modified_gmt":"2022-07-12T19:16:47","slug":"aktuelles","status":"publish","type":"page","link":"https:\/\/don-chamaeleon.de\/index.php\/aktuelles\/","title":{"rendered":"Aktuelles"},"content":{"rendered":"\n<h2 class=\"wp-block-heading\">Sonnenschutzkindergarten<\/h2>\n\n\n\n<p><\/p>\n\n\n\n<p><strong><em>Wir d\u00fcrfen uns jetzt \u201eSonnenschutzkindergarten\u201c nennen: Unsere Einrichtungen in Bramfeld und Wellingsb\u00fcttel wurden im Juli 2022 mit dem SunPass ausgezeichnet!<\/em><\/strong><\/p>\n\n\n\n<p><em>Die Hamburger Krebsgesellschaft e.V. setzt gemeinsam mit weiteren acht Landeskrebsgesellschaften das Pr\u00e4ventionsprojekt \u201e<a href=\"https:\/\/krebshamburg.de\/sunpass-gesunder-sonnenspass-fuer-kinder\/\" target=\"_blank\" rel=\"noreferrer noopener\">SunPass \u2013 Gesunder Sonnenspa\u00df f\u00fcr Kinder<\/a>\u201c um. Das Projekt wurde von der Europ\u00e4ischen Hautkrebsstiftung (ESCF) initiiert und wird in Hamburg seit 2013 umgesetzt.<\/em><\/p>\n\n\n\n<p><em>Wir freuen und bedanken uns f\u00fcr diese Auszeichnung.<\/em><\/p>\n\n\n\n<p><em>Ein besonderer Dank geht an die \u201e<a href=\"https:\/\/www.hornbach.de\" target=\"_blank\" rel=\"noreferrer noopener sponsored nofollow\">HORNBACH Baumarkt AG<\/a>\u201c, die uns f\u00fcr beide Einrichtungsg\u00e4rten gro\u00dfz\u00fcgig zus\u00e4tzlichen Sonnenschutz gesponsort hat!<\/em><\/p>\n","protected":false},"excerpt":{"rendered":"<p>Sonnenschutzkindergarten Wir d\u00fcrfen uns jetzt \u201eSonnenschutzkindergarten\u201c nennen: Unsere Einrichtungen in Bramfeld und Wellingsb\u00fcttel wurden im Juli 2022 mit dem SunPass ausgezeichnet! Die Hamburger Krebsgesellschaft e.V. setzt gemeinsam mit weiteren acht Landeskrebsgesellschaften das Pr\u00e4ventionsprojekt \u201eSunPass \u2013 Gesunder Sonnenspa\u00df f\u00fcr Kinder\u201c um. Das Projekt wurde von der Europ\u00e4ischen Hautkrebsstiftung (ESCF) initiiert und wird in Hamburg seit 2013 [&hellip;]<\/p>\n","protected":false},"author":4,"featured_media":0,"parent":0,"menu_order":0,"comment_status":"closed","ping_status":"closed","template":"","meta":{"footnotes":""},"class_list":["post-6540","page","type-page","status-publish","hentry"],"_links":{"self":[{"href":"https:\/\/don-chamaeleon.de\/index.php\/wp-json\/wp\/v2\/pages\/6540","targetHints":{"allow":["GET"]}}],"collection":[{"href":"https:\/\/don-chamaeleon.de\/index.php\/wp-json\/wp\/v2\/pages"}],"about":[{"href":"https:\/\/don-chamaeleon.de\/index.php\/wp-json\/wp\/v2\/types\/page"}],"author":[{"embeddable":true,"href":"https:\/\/don-chamaeleon.de\/index.php\/wp-json\/wp\/v2\/users\/4"}],"replies":[{"embeddable":true,"href":"https:\/\/don-chamaeleon.de\/index.php\/wp-json\/wp\/v2\/comments?post=6540"}],"version-history":[{"count":3,"href":"https:\/\/don-chamaeleon.de\/index.php\/wp-json\/wp\/v2\/pages\/6540\/revisions"}],"predecessor-version":[{"id":6548,"href":"https:\/\/don-chamaeleon.de\/index.php\/wp-json\/wp\/v2\/pages\/6540\/revisions\/6548"}],"wp:attachment":[{"href":"https:\/\/don-chamaeleon.de\/index.php\/wp-json\/wp\/v2\/media?parent=6540"}],"curies":[{"name":"wp","href":"https:\/\/api.w.org\/{rel}","templated":true}]}}